{"id":2071,"date":"2017-10-17T13:10:33","date_gmt":"2017-10-17T12:10:33","guid":{"rendered":"https:\/\/retrucbcn.com\/localizacion\/"},"modified":"2024-07-19T07:51:38","modified_gmt":"2024-07-19T06:51:38","slug":"localitzacio","status":"publish","type":"page","link":"https:\/\/retrucbcn.com\/ca\/localitzacio\/","title":{"rendered":"Localitzaci\u00f3"},"content":{"rendered":"\n<style type=\"text\/css\" data-created_by=\"avia_inline_auto\" id=\"style-css-av-lrhwr0ys-b78a40d2ff5377b81cb3426bdd4905d3\">\n.avia-section.av-lrhwr0ys-b78a40d2ff5377b81cb3426bdd4905d3{\nbackground-repeat:no-repeat;\nbackground-image:url(https:\/\/retrucbcn.com\/wp-content\/uploads\/2024\/07\/localizacion-rambla.jpg);\nbackground-position:50% 50%;\nbackground-attachment:scroll;\n}\n.avia-section.av-lrhwr0ys-b78a40d2ff5377b81cb3426bdd4905d3 .av-section-color-overlay{\nopacity:0.4;\nbackground-color:#000000;\n}\n<\/style>\n<div id='av_section_1'  class='avia-section av-lrhwr0ys-b78a40d2ff5377b81cb3426bdd4905d3 main_color avia-section-huge avia-no-border-styling  avia-builder-el-0  el_before_av_section  avia-builder-el-first  avia-full-stretch avia-bg-style-scroll av-section-color-overlay-active container_wrap fullsize'  data-section-bg-repeat='stretch'><div class=\"av-section-color-overlay-wrap\"><div class=\"av-section-color-overlay\"><\/div><div class='container av-section-cont-open' ><main  role=\"main\" itemprop=\"mainContentOfPage\"  class='template-page content  av-content-full alpha units'><div class='post-entry post-entry-type-page post-entry-2071'><div class='entry-content-wrapper clearfix'>\n\n<style type=\"text\/css\" data-created_by=\"avia_inline_auto\" id=\"style-css-av-lrhwrdr2-2191b24b59f62f654aba6e842dd62bcd\">\n#top .av-special-heading.av-lrhwrdr2-2191b24b59f62f654aba6e842dd62bcd{\npadding-bottom:0;\nfont-size:90px;\n}\nbody .av-special-heading.av-lrhwrdr2-2191b24b59f62f654aba6e842dd62bcd .av-special-heading-tag .heading-char{\nfont-size:25px;\n}\n#top #wrap_all .av-special-heading.av-lrhwrdr2-2191b24b59f62f654aba6e842dd62bcd .av-special-heading-tag{\nfont-size:90px;\n}\n.av-special-heading.av-lrhwrdr2-2191b24b59f62f654aba6e842dd62bcd .av-subheading{\nfont-size:15px;\n}\n\n@media only screen and (min-width: 480px) and (max-width: 767px){ \n#top #wrap_all .av-special-heading.av-lrhwrdr2-2191b24b59f62f654aba6e842dd62bcd .av-special-heading-tag{\nfont-size:0.8em;\n}\n}\n\n@media only screen and (max-width: 479px){ \n#top #wrap_all .av-special-heading.av-lrhwrdr2-2191b24b59f62f654aba6e842dd62bcd .av-special-heading-tag{\nfont-size:0.8em;\n}\n}\n<\/style>\n<div  class='av-special-heading av-lrhwrdr2-2191b24b59f62f654aba6e842dd62bcd av-special-heading-h3 blockquote modern-quote modern-centered  avia-builder-el-1  avia-builder-el-no-sibling  av-inherit-size'><h3 class='av-special-heading-tag '  itemprop=\"headline\"  >Localitzaci\u00f3<\/h3><div class=\"special-heading-border\"><div class=\"special-heading-inner-border\"><\/div><\/div><\/div>\n<\/div><\/div><\/main><!-- close content main element --><\/div><\/div><\/div>\n<style type=\"text\/css\" data-created_by=\"avia_inline_auto\" id=\"style-css-av-ksquq-770a5e234f9834cf7b4c7083a37f21c8\">\n.avia-section.av-ksquq-770a5e234f9834cf7b4c7083a37f21c8{\nbackground-color:#ffffff;\nbackground-image:unset;\n}\n<\/style>\n<div id='av_section_2'  class='avia-section av-ksquq-770a5e234f9834cf7b4c7083a37f21c8 main_color avia-section-default avia-no-border-styling  avia-builder-el-2  el_after_av_section  avia-builder-el-last  avia-bg-style-scroll container_wrap fullsize'  ><div class='container av-section-cont-open' ><div class='template-page content  av-content-full alpha units'><div class='post-entry post-entry-type-page post-entry-2071'><div class='entry-content-wrapper clearfix'>\n<div  class='flex_column av-1ge6i-4c15a759ac056a265291031536558248 av_one_half  avia-builder-el-3  el_before_av_one_half  avia-builder-el-first  first flex_column_div  '     ><p>\n<style type=\"text\/css\" data-created_by=\"avia_inline_auto\" id=\"style-css-av-lrhwt1ts-a68ec7156a851ad1c615f9e0cb61d954\">\n#top .av-special-heading.av-lrhwt1ts-a68ec7156a851ad1c615f9e0cb61d954{\npadding-bottom:10px;\ncolor:#000000;\n}\nbody .av-special-heading.av-lrhwt1ts-a68ec7156a851ad1c615f9e0cb61d954 .av-special-heading-tag .heading-char{\nfont-size:25px;\n}\n.av-special-heading.av-lrhwt1ts-a68ec7156a851ad1c615f9e0cb61d954 .special-heading-inner-border{\nborder-color:#000000;\n}\n.av-special-heading.av-lrhwt1ts-a68ec7156a851ad1c615f9e0cb61d954 .av-subheading{\nfont-size:15px;\n}\n<\/style>\n<div  class='av-special-heading av-lrhwt1ts-a68ec7156a851ad1c615f9e0cb61d954 av-special-heading-h2 custom-color-heading blockquote modern-quote  avia-builder-el-4  el_before_av_textblock  avia-builder-el-first '><h2 class='av-special-heading-tag '  itemprop=\"headline\"  >Vine a passar-t\u2019ho b\u00e9<\/h2><div class=\"special-heading-border\"><div class=\"special-heading-inner-border\"><\/div><\/div><\/div><br \/>\n\n<style type=\"text\/css\" data-created_by=\"avia_inline_auto\" id=\"style-css-av-lrhwtg43-afee55c127c4f174b38f5fdf7fe6e4ae\">\n#top .av_textblock_section.av-lrhwtg43-afee55c127c4f174b38f5fdf7fe6e4ae .avia_textblock{\ncolor:#000000;\n}\n<\/style>\n<section  class='av_textblock_section av-lrhwtg43-afee55c127c4f174b38f5fdf7fe6e4ae '   itemscope=\"itemscope\" itemtype=\"https:\/\/schema.org\/CreativeWork\" ><div class='avia_textblock av_inherit_color'  itemprop=\"text\" ><p>On cada celebraci\u00f3 pren vida: el teu dest\u00ed d&#8217;alegria a Barcelona.<\/p>\n<blockquote>\n<p><strong>Direcci\u00f3: <\/strong><span style=\"font-weight: 400;\">Avd. Gran Via de les Corts Catalanes, 399. 08015 Barcelona.<\/span><\/p>\n<p><strong>Parades de metro:<\/strong> Espanya i Rocafort (L\u00ednia 1 i L\u00ednia 3)<\/p>\n<p><strong>Renfe<\/strong>: Parada Espanya.<\/p>\n<p><strong>Ferrocarril<\/strong>: Parada Pla\u00e7a Espanya.<\/p>\n<\/blockquote>\n<p>Per a m\u00e9s informaci\u00f3 ens pots trucar al<\/p>\n<blockquote>\n<p><strong>Tel\u00e8fon<\/strong> 934 231 659<\/p>\n<\/blockquote>\n<p>Uneix-te a la festa a la nostra ubicaci\u00f3 \u00fanica i deixa&#8217;t portar per l&#8217;emoci\u00f3!<\/p>\n<\/div><\/section><\/p><\/div><div  class='flex_column av-85rzu-154ea3cc4164da3871ec210fafc88833 av_one_half  avia-builder-el-6  el_after_av_one_half  avia-builder-el-last  flex_column_div avia-link-column av-column-link  '    data-link-column-url=\"https:\/\/www.google.com\/maps\/place\/Retruc\/@41.376934,2.1485041,16z\/data=!3m1!4b1!4m6!3m5!1s0x12a4a27c12b3a341:0xdc4f2b67f3ea2730!8m2!3d41.376934!4d2.151079!16s%2Fg%2F1txd6c12?entry=ttu\"  data-link-column-target=\"_blank\"   ><a class=\"av-screen-reader-only\" href=\"https:\/\/www.google.com\/maps\/place\/Retruc\/@41.376934,2.1485041,16z\/data=!3m1!4b1!4m6!3m5!1s0x12a4a27c12b3a341:0xdc4f2b67f3ea2730!8m2!3d41.376934!4d2.151079!16s%2Fg%2F1txd6c12?entry=ttu\" target=\"_blank\" rel=\"noopener\">Follow a manual added link<\/a><div  class='av_gmaps_sc_main_wrap av_gmaps_main_wrap '><div id='av_gmap_0' class='avia-google-map-container avia-google-map-sc av_gmaps_show_unconditionally av-no-fallback-img ' data-mapid='av_gmap_0'  style='height: 400px;'><a class=\"av_gmaps_browser_disabled av_text_confirm_link av_text_confirm_link_visible\" href=\"https:\/\/www.google.com\/maps\/search\/?api=1&#038;query=Avd.%20Gran%20Via%20de%20les%20Corts%20Catalanes,399%2008015%20%20Barcelona%20Barcelona%20%20Espa\u00f1a\" target=\"_blank\" rel=\"noopener\">Maps were disabled by the visitor on this site. Click to open the map in a new window.<\/a><\/div><\/div><\/div><\/p>\n","protected":false},"excerpt":{"rendered":"","protected":false},"author":1,"featured_media":0,"parent":0,"menu_order":0,"comment_status":"closed","ping_status":"closed","template":"","meta":{"footnotes":""},"class_list":["post-2071","page","type-page","status-publish","hentry"],"yoast_head":"<!-- This site is optimized with the Yoast SEO plugin v27.4 - https:\/\/yoast.com\/product\/yoast-seo-wordpress\/ -->\n<title>Localitzaci\u00f3 - Retruc<\/title>\n<meta name=\"description\" content=\"Ubicaci\u00f3 de Retruc Barcelona. Troba&#039;ns i gaudeix de moments inoblidables al cor de la ciutat.\" \/>\n<meta name=\"robots\" content=\"index, follow, max-snippet:-1, max-image-preview:large, max-video-preview:-1\" \/>\n<link rel=\"canonical\" href=\"https:\/\/retrucbcn.com\/ca\/localitzacio\/\" \/>\n<meta property=\"og:locale\" content=\"ca_ES\" \/>\n<meta property=\"og:type\" content=\"article\" \/>\n<meta property=\"og:title\" content=\"Localitzaci\u00f3 - Retruc\" \/>\n<meta property=\"og:description\" content=\"Ubicaci\u00f3 de Retruc Barcelona. Troba&#039;ns i gaudeix de moments inoblidables al cor de la ciutat.\" \/>\n<meta property=\"og:url\" content=\"https:\/\/retrucbcn.com\/ca\/localitzacio\/\" \/>\n<meta property=\"og:site_name\" content=\"Retruc\" \/>\n<meta property=\"article:modified_time\" content=\"2024-07-19T06:51:38+00:00\" \/>\n<meta name=\"twitter:card\" content=\"summary_large_image\" \/>\n<meta name=\"twitter:label1\" content=\"Temps estimat de lectura\" \/>\n\t<meta name=\"twitter:data1\" content=\"1 minut\" \/>\n<script type=\"application\/ld+json\" class=\"yoast-schema-graph\">{\"@context\":\"https:\\\/\\\/schema.org\",\"@graph\":[{\"@type\":\"WebPage\",\"@id\":\"https:\\\/\\\/retrucbcn.com\\\/ca\\\/localitzacio\\\/\",\"url\":\"https:\\\/\\\/retrucbcn.com\\\/ca\\\/localitzacio\\\/\",\"name\":\"Localitzaci\u00f3 - Retruc\",\"isPartOf\":{\"@id\":\"https:\\\/\\\/retrucbcn.com\\\/ca\\\/#website\"},\"datePublished\":\"2017-10-17T12:10:33+00:00\",\"dateModified\":\"2024-07-19T06:51:38+00:00\",\"description\":\"Ubicaci\u00f3 de Retruc Barcelona. Troba'ns i gaudeix de moments inoblidables al cor de la ciutat.\",\"breadcrumb\":{\"@id\":\"https:\\\/\\\/retrucbcn.com\\\/ca\\\/localitzacio\\\/#breadcrumb\"},\"inLanguage\":\"ca\",\"potentialAction\":[{\"@type\":\"ReadAction\",\"target\":[\"https:\\\/\\\/retrucbcn.com\\\/ca\\\/localitzacio\\\/\"]}]},{\"@type\":\"BreadcrumbList\",\"@id\":\"https:\\\/\\\/retrucbcn.com\\\/ca\\\/localitzacio\\\/#breadcrumb\",\"itemListElement\":[{\"@type\":\"ListItem\",\"position\":1,\"name\":\"Portada\",\"item\":\"https:\\\/\\\/retrucbcn.com\\\/ca\\\/inici\\\/\"},{\"@type\":\"ListItem\",\"position\":2,\"name\":\"Localitzaci\u00f3\"}]},{\"@type\":\"WebSite\",\"@id\":\"https:\\\/\\\/retrucbcn.com\\\/ca\\\/#website\",\"url\":\"https:\\\/\\\/retrucbcn.com\\\/ca\\\/\",\"name\":\"Retruc\",\"description\":\"\",\"potentialAction\":[{\"@type\":\"SearchAction\",\"target\":{\"@type\":\"EntryPoint\",\"urlTemplate\":\"https:\\\/\\\/retrucbcn.com\\\/ca\\\/?s={search_term_string}\"},\"query-input\":{\"@type\":\"PropertyValueSpecification\",\"valueRequired\":true,\"valueName\":\"search_term_string\"}}],\"inLanguage\":\"ca\"}]}<\/script>\n<!-- \/ Yoast SEO plugin. -->","yoast_head_json":{"title":"Localitzaci\u00f3 - Retruc","description":"Ubicaci\u00f3 de Retruc Barcelona. Troba'ns i gaudeix de moments inoblidables al cor de la ciutat.","robots":{"index":"index","follow":"follow","max-snippet":"max-snippet:-1","max-image-preview":"max-image-preview:large","max-video-preview":"max-video-preview:-1"},"canonical":"https:\/\/retrucbcn.com\/ca\/localitzacio\/","og_locale":"ca_ES","og_type":"article","og_title":"Localitzaci\u00f3 - Retruc","og_description":"Ubicaci\u00f3 de Retruc Barcelona. Troba'ns i gaudeix de moments inoblidables al cor de la ciutat.","og_url":"https:\/\/retrucbcn.com\/ca\/localitzacio\/","og_site_name":"Retruc","article_modified_time":"2024-07-19T06:51:38+00:00","twitter_card":"summary_large_image","twitter_misc":{"Temps estimat de lectura":"1 minut"},"schema":{"@context":"https:\/\/schema.org","@graph":[{"@type":"WebPage","@id":"https:\/\/retrucbcn.com\/ca\/localitzacio\/","url":"https:\/\/retrucbcn.com\/ca\/localitzacio\/","name":"Localitzaci\u00f3 - Retruc","isPartOf":{"@id":"https:\/\/retrucbcn.com\/ca\/#website"},"datePublished":"2017-10-17T12:10:33+00:00","dateModified":"2024-07-19T06:51:38+00:00","description":"Ubicaci\u00f3 de Retruc Barcelona. Troba'ns i gaudeix de moments inoblidables al cor de la ciutat.","breadcrumb":{"@id":"https:\/\/retrucbcn.com\/ca\/localitzacio\/#breadcrumb"},"inLanguage":"ca","potentialAction":[{"@type":"ReadAction","target":["https:\/\/retrucbcn.com\/ca\/localitzacio\/"]}]},{"@type":"BreadcrumbList","@id":"https:\/\/retrucbcn.com\/ca\/localitzacio\/#breadcrumb","itemListElement":[{"@type":"ListItem","position":1,"name":"Portada","item":"https:\/\/retrucbcn.com\/ca\/inici\/"},{"@type":"ListItem","position":2,"name":"Localitzaci\u00f3"}]},{"@type":"WebSite","@id":"https:\/\/retrucbcn.com\/ca\/#website","url":"https:\/\/retrucbcn.com\/ca\/","name":"Retruc","description":"","potentialAction":[{"@type":"SearchAction","target":{"@type":"EntryPoint","urlTemplate":"https:\/\/retrucbcn.com\/ca\/?s={search_term_string}"},"query-input":{"@type":"PropertyValueSpecification","valueRequired":true,"valueName":"search_term_string"}}],"inLanguage":"ca"}]}},"_links":{"self":[{"href":"https:\/\/retrucbcn.com\/ca\/wp-json\/wp\/v2\/pages\/2071","targetHints":{"allow":["GET"]}}],"collection":[{"href":"https:\/\/retrucbcn.com\/ca\/wp-json\/wp\/v2\/pages"}],"about":[{"href":"https:\/\/retrucbcn.com\/ca\/wp-json\/wp\/v2\/types\/page"}],"author":[{"embeddable":true,"href":"https:\/\/retrucbcn.com\/ca\/wp-json\/wp\/v2\/users\/1"}],"replies":[{"embeddable":true,"href":"https:\/\/retrucbcn.com\/ca\/wp-json\/wp\/v2\/comments?post=2071"}],"version-history":[{"count":2,"href":"https:\/\/retrucbcn.com\/ca\/wp-json\/wp\/v2\/pages\/2071\/revisions"}],"predecessor-version":[{"id":2105,"href":"https:\/\/retrucbcn.com\/ca\/wp-json\/wp\/v2\/pages\/2071\/revisions\/2105"}],"wp:attachment":[{"href":"https:\/\/retrucbcn.com\/ca\/wp-json\/wp\/v2\/media?parent=2071"}],"curies":[{"name":"wp","href":"https:\/\/api.w.org\/{rel}","templated":true}]}}