{"id":2077,"date":"2017-10-13T16:47:17","date_gmt":"2017-10-13T15:47:17","guid":{"rendered":"https:\/\/retrucbcn.com\/reservas\/"},"modified":"2024-07-19T07:57:43","modified_gmt":"2024-07-19T06:57:43","slug":"reserves","status":"publish","type":"page","link":"https:\/\/retrucbcn.com\/ca\/reserves\/","title":{"rendered":"Reserves"},"content":{"rendered":"\n<style type=\"text\/css\" data-created_by=\"avia_inline_auto\" id=\"style-css-av-5ekza5-96275ddbfb187a6cb33733a1a6a38b05\">\n.avia-section.av-5ekza5-96275ddbfb187a6cb33733a1a6a38b05{\nbackground-repeat:no-repeat;\nbackground-image:url(https:\/\/retrucbcn.com\/wp-content\/uploads\/2024\/07\/reservas-retruc-1.jpg);\nbackground-position:50% 0%;\nbackground-attachment:scroll;\n}\n.avia-section.av-5ekza5-96275ddbfb187a6cb33733a1a6a38b05 .av-section-color-overlay{\nopacity:0.4;\nbackground-color:#000000;\n}\n<\/style>\n<div id='av_section_1'  class='avia-section av-5ekza5-96275ddbfb187a6cb33733a1a6a38b05 main_color avia-section-huge avia-no-border-styling  avia-builder-el-0  el_before_av_section  avia-builder-el-first  avia-full-stretch avia-bg-style-scroll av-section-color-overlay-active container_wrap fullsize'  data-section-bg-repeat='stretch'><div class=\"av-section-color-overlay-wrap\"><div class=\"av-section-color-overlay\"><\/div><div class='container av-section-cont-open' ><main  role=\"main\" itemprop=\"mainContentOfPage\"  class='template-page content  av-content-full alpha units'><div class='post-entry post-entry-type-page post-entry-2077'><div class='entry-content-wrapper clearfix'>\n\n<style type=\"text\/css\" data-created_by=\"avia_inline_auto\" id=\"style-css-av-lrhvbsxw-99c80b4f2b804b4f1e987f147ae3c9ec\">\n#top .av-special-heading.av-lrhvbsxw-99c80b4f2b804b4f1e987f147ae3c9ec{\npadding-bottom:0;\nfont-size:90px;\n}\nbody .av-special-heading.av-lrhvbsxw-99c80b4f2b804b4f1e987f147ae3c9ec .av-special-heading-tag .heading-char{\nfont-size:25px;\n}\n#top #wrap_all .av-special-heading.av-lrhvbsxw-99c80b4f2b804b4f1e987f147ae3c9ec .av-special-heading-tag{\nfont-size:90px;\n}\n.av-special-heading.av-lrhvbsxw-99c80b4f2b804b4f1e987f147ae3c9ec .av-subheading{\nfont-size:15px;\n}\n\n@media only screen and (min-width: 480px) and (max-width: 767px){ \n#top #wrap_all .av-special-heading.av-lrhvbsxw-99c80b4f2b804b4f1e987f147ae3c9ec .av-special-heading-tag{\nfont-size:0.8em;\n}\n}\n\n@media only screen and (max-width: 479px){ \n#top #wrap_all .av-special-heading.av-lrhvbsxw-99c80b4f2b804b4f1e987f147ae3c9ec .av-special-heading-tag{\nfont-size:0.8em;\n}\n}\n<\/style>\n<div  class='av-special-heading av-lrhvbsxw-99c80b4f2b804b4f1e987f147ae3c9ec av-special-heading-h3 blockquote modern-quote modern-centered  avia-builder-el-1  avia-builder-el-no-sibling  av-inherit-size'><h3 class='av-special-heading-tag '  itemprop=\"headline\"  >Reserves<\/h3><div class=\"special-heading-border\"><div class=\"special-heading-inner-border\"><\/div><\/div><\/div>\n<\/div><\/div><\/main><!-- close content main element --><\/div><\/div><\/div>\n<style type=\"text\/css\" data-created_by=\"avia_inline_auto\" id=\"style-css-av-58veth-014abdc436642ffff858760ddfaaa83e\">\n.avia-section.av-58veth-014abdc436642ffff858760ddfaaa83e .av-section-color-overlay{\nopacity:0.7;\nbackground-color:#000000;\nbackground-image:url(https:\/\/retrucbcn.com\/wp-content\/themes\/enfold\/images\/background-images\/grunge-big-light.png);\nbackground-repeat:repeat;\n}\n<\/style>\n<div id='av_section_2'  class='avia-section av-58veth-014abdc436642ffff858760ddfaaa83e main_color avia-section-huge avia-no-border-styling  avia-builder-el-2  el_after_av_section  avia-builder-el-last  avia-bg-style-scroll av-section-color-overlay-active container_wrap fullsize'  ><div class=\"av-section-color-overlay-wrap\"><div class=\"av-section-color-overlay\"><\/div><div class='container av-section-cont-open' ><div class='template-page content  av-content-full alpha units'><div class='post-entry post-entry-type-page post-entry-2077'><div class='entry-content-wrapper clearfix'>\n<div  class='flex_column av-188g79-35ebe46817a3d562ecdc2e72f0af9873 av_one_half  avia-builder-el-3  el_before_av_one_half  avia-builder-el-first  first flex_column_div  '     ><p>\n<style type=\"text\/css\" data-created_by=\"avia_inline_auto\" id=\"style-css-av-lrhviuc7-1689554d5f4914695c8f94d62d0fc9b1\">\n#top .av-special-heading.av-lrhviuc7-1689554d5f4914695c8f94d62d0fc9b1{\npadding-bottom:10px;\n}\nbody .av-special-heading.av-lrhviuc7-1689554d5f4914695c8f94d62d0fc9b1 .av-special-heading-tag .heading-char{\nfont-size:25px;\n}\n.av-special-heading.av-lrhviuc7-1689554d5f4914695c8f94d62d0fc9b1 .av-subheading{\nfont-size:15px;\n}\n<\/style>\n<div  class='av-special-heading av-lrhviuc7-1689554d5f4914695c8f94d62d0fc9b1 av-special-heading-h2 blockquote modern-quote  avia-builder-el-4  el_before_av_textblock  avia-builder-el-first '><h2 class='av-special-heading-tag '  itemprop=\"headline\"  >Reserva taula de ping-pong<\/h2><div class=\"special-heading-border\"><div class=\"special-heading-inner-border\"><\/div><\/div><\/div><br \/>\n<section  class='av_textblock_section av-lrhvjqe5-25412883dbf89bf41d2c519cf0b6b71e '   itemscope=\"itemscope\" itemtype=\"https:\/\/schema.org\/CreativeWork\" ><div class='avia_textblock'  itemprop=\"text\" ><p>Nom\u00e9s acceptem reserves de taula de ping-pong amb un m\u00e0xim d&#8217;un dia d&#8217;antelaci\u00f3. Per fer la teva reserva, si us plau, truca al n\u00famero de tel\u00e8fon:<\/p>\n<blockquote>\n<p>934 231 659<\/p>\n<\/blockquote>\n<\/div><\/section><\/p><\/div><div  class='flex_column av-93aod-1c71d938a0dc209bdc387f81a4ab58b3 av_one_half  avia-builder-el-6  el_after_av_one_half  avia-builder-el-last  flex_column_div  '     ><p><section  class='av_textblock_section av-ltik9it3-2a29f162a79a7924c82e8e75813a644a '   itemscope=\"itemscope\" itemtype=\"https:\/\/schema.org\/CreativeWork\" ><div class='avia_textblock'  itemprop=\"text\" ><p>Per a sol\u00b7licituds d&#8217;informaci\u00f3, empleneu el formulari:<\/p>\n<\/div><\/section><br \/>\n<form action=\"https:\/\/retrucbcn.com\/ca\/reserves\/\" method=\"post\" data-fields-with-error=\"Found errors in the following field(s):\" class=\"avia_ajax_form av-form-labels-visible   avia-builder-el-8  el_after_av_textblock  avia-builder-el-last   \" data-avia-form-id=\"1\" data-avia-redirect='' ><fieldset><p class='  first_form  form_element form_element_three_fourth' id='element_avia_1_1'><label for=\"avia_1_1\">Nom <abbr class=\"required\" title=\"obligatori\">*<\/abbr><\/label> <input name=\"avia_1_1\" class=\"text_input is_empty\" type=\"text\" id=\"avia_1_1\" value=\"\" \/><\/p><p class='  form_element form_element_fourth' id='element_avia_2_1'><label for=\"avia_2_1\">Persones <abbr class=\"required\" title=\"obligatori\">*<\/abbr><\/label> <input name=\"avia_2_1\" class=\"text_input is_number\" type=\"text\" id=\"avia_2_1\" value=\"\" \/><\/p><p class='  first_form  form_element form_element_half' id='element_avia_3_1'><label for=\"avia_3_1\">Correu electr\u00f2nic <abbr class=\"required\" title=\"obligatori\">*<\/abbr><\/label> <input name=\"avia_3_1\" class=\"text_input is_email\" type=\"text\" id=\"avia_3_1\" value=\"\" \/><\/p><p class='  form_element form_element_half' id='element_avia_4_1'><label for=\"avia_4_1\">Tel\u00e8fon <abbr class=\"required\" title=\"obligatori\">*<\/abbr><\/label> <input name=\"avia_4_1\" class=\"text_input is_empty\" type=\"text\" id=\"avia_4_1\" value=\"\" \/><\/p><p class='  first_form  form_element form_fullwidth' id='element_avia_5_1'><label for=\"avia_5_1\" class=\"textare_label hidden textare_label_avia_5_1\">Missatge <abbr class=\"required\" title=\"obligatori\">*<\/abbr><\/label><textarea  name=\"avia_5_1\" class=\"text_area is_empty\" cols=\"40\" rows=\"7\" id=\"avia_5_1\" ><\/textarea><\/p><p class=\"hidden\"><input type=\"text\" name=\"avia_6_1\" class=\"hidden \" id=\"avia_6_1\" value=\"\" \/><\/p><p class=' av_form_privacy_check av_contact_privacy_check first_form  form_element form_fullwidth' id='element_avia_7_1'><input  name=\"avia_7_1\" class=\"input_checkbox is_empty\" type=\"checkbox\" id=\"avia_7_1\" value=\"true\"\/><label class=\"input_checkbox_label\" for=\"avia_7_1\">Accepto els termes i condicions establerts a la <a href='https:\/\/retrucbcn.com\/politica-de-privacidad\/' target='_blank' rel=\"noopener\">Pol\u00edtica de privadesa<\/a> <abbr class=\"required\" title=\"obligatori\">*<\/abbr><\/label><\/p><p class=\"form_element \"><input type=\"hidden\" value=\"1\" name=\"avia_generated_form1\" \/><input type=\"submit\" value=\"Enviar\" class=\"button\"  data-sending-label=\"Enviant\"\/><\/p><\/fieldset><\/form><div id=\"ajaxresponse_1\" class=\"ajaxresponse ajaxresponse_1 hidden\"><\/div><\/p><\/div><\/p>\n","protected":false},"excerpt":{"rendered":"","protected":false},"author":1,"featured_media":0,"parent":0,"menu_order":0,"comment_status":"closed","ping_status":"closed","template":"","meta":{"footnotes":""},"class_list":["post-2077","page","type-page","status-publish","hentry"],"yoast_head":"<!-- This site is optimized with the Yoast SEO plugin v27.4 - https:\/\/yoast.com\/product\/yoast-seo-wordpress\/ -->\n<title>Reserves - Retruc<\/title>\n<meta name=\"description\" content=\"Reserveu la taula de ping-pong a Retruc Barcelona. Troba el teu rac\u00f3 per a moments inoblidables i vine amb els teus amics a passar-ho b\u00e9.\" \/>\n<meta name=\"robots\" content=\"index, follow, max-snippet:-1, max-image-preview:large, max-video-preview:-1\" \/>\n<link rel=\"canonical\" href=\"https:\/\/retrucbcn.com\/ca\/reserves\/\" \/>\n<meta property=\"og:locale\" content=\"ca_ES\" \/>\n<meta property=\"og:type\" content=\"article\" \/>\n<meta property=\"og:title\" content=\"Reserves - Retruc\" \/>\n<meta property=\"og:description\" content=\"Reserveu la taula de ping-pong a Retruc Barcelona. Troba el teu rac\u00f3 per a moments inoblidables i vine amb els teus amics a passar-ho b\u00e9.\" \/>\n<meta property=\"og:url\" content=\"https:\/\/retrucbcn.com\/ca\/reserves\/\" \/>\n<meta property=\"og:site_name\" content=\"Retruc\" \/>\n<meta property=\"article:modified_time\" content=\"2024-07-19T06:57:43+00:00\" \/>\n<meta name=\"twitter:card\" content=\"summary_large_image\" \/>\n<meta name=\"twitter:label1\" content=\"Temps estimat de lectura\" \/>\n\t<meta name=\"twitter:data1\" content=\"1 minut\" \/>\n<script type=\"application\/ld+json\" class=\"yoast-schema-graph\">{\"@context\":\"https:\\\/\\\/schema.org\",\"@graph\":[{\"@type\":\"WebPage\",\"@id\":\"https:\\\/\\\/retrucbcn.com\\\/ca\\\/reserves\\\/\",\"url\":\"https:\\\/\\\/retrucbcn.com\\\/ca\\\/reserves\\\/\",\"name\":\"Reserves - Retruc\",\"isPartOf\":{\"@id\":\"https:\\\/\\\/retrucbcn.com\\\/ca\\\/#website\"},\"datePublished\":\"2017-10-13T15:47:17+00:00\",\"dateModified\":\"2024-07-19T06:57:43+00:00\",\"description\":\"Reserveu la taula de ping-pong a Retruc Barcelona. Troba el teu rac\u00f3 per a moments inoblidables i vine amb els teus amics a passar-ho b\u00e9.\",\"breadcrumb\":{\"@id\":\"https:\\\/\\\/retrucbcn.com\\\/ca\\\/reserves\\\/#breadcrumb\"},\"inLanguage\":\"ca\",\"potentialAction\":[{\"@type\":\"ReadAction\",\"target\":[\"https:\\\/\\\/retrucbcn.com\\\/ca\\\/reserves\\\/\"]}]},{\"@type\":\"BreadcrumbList\",\"@id\":\"https:\\\/\\\/retrucbcn.com\\\/ca\\\/reserves\\\/#breadcrumb\",\"itemListElement\":[{\"@type\":\"ListItem\",\"position\":1,\"name\":\"Portada\",\"item\":\"https:\\\/\\\/retrucbcn.com\\\/ca\\\/inici\\\/\"},{\"@type\":\"ListItem\",\"position\":2,\"name\":\"Reserves\"}]},{\"@type\":\"WebSite\",\"@id\":\"https:\\\/\\\/retrucbcn.com\\\/ca\\\/#website\",\"url\":\"https:\\\/\\\/retrucbcn.com\\\/ca\\\/\",\"name\":\"Retruc\",\"description\":\"\",\"potentialAction\":[{\"@type\":\"SearchAction\",\"target\":{\"@type\":\"EntryPoint\",\"urlTemplate\":\"https:\\\/\\\/retrucbcn.com\\\/ca\\\/?s={search_term_string}\"},\"query-input\":{\"@type\":\"PropertyValueSpecification\",\"valueRequired\":true,\"valueName\":\"search_term_string\"}}],\"inLanguage\":\"ca\"}]}<\/script>\n<!-- \/ Yoast SEO plugin. -->","yoast_head_json":{"title":"Reserves - Retruc","description":"Reserveu la taula de ping-pong a Retruc Barcelona. Troba el teu rac\u00f3 per a moments inoblidables i vine amb els teus amics a passar-ho b\u00e9.","robots":{"index":"index","follow":"follow","max-snippet":"max-snippet:-1","max-image-preview":"max-image-preview:large","max-video-preview":"max-video-preview:-1"},"canonical":"https:\/\/retrucbcn.com\/ca\/reserves\/","og_locale":"ca_ES","og_type":"article","og_title":"Reserves - Retruc","og_description":"Reserveu la taula de ping-pong a Retruc Barcelona. Troba el teu rac\u00f3 per a moments inoblidables i vine amb els teus amics a passar-ho b\u00e9.","og_url":"https:\/\/retrucbcn.com\/ca\/reserves\/","og_site_name":"Retruc","article_modified_time":"2024-07-19T06:57:43+00:00","twitter_card":"summary_large_image","twitter_misc":{"Temps estimat de lectura":"1 minut"},"schema":{"@context":"https:\/\/schema.org","@graph":[{"@type":"WebPage","@id":"https:\/\/retrucbcn.com\/ca\/reserves\/","url":"https:\/\/retrucbcn.com\/ca\/reserves\/","name":"Reserves - Retruc","isPartOf":{"@id":"https:\/\/retrucbcn.com\/ca\/#website"},"datePublished":"2017-10-13T15:47:17+00:00","dateModified":"2024-07-19T06:57:43+00:00","description":"Reserveu la taula de ping-pong a Retruc Barcelona. Troba el teu rac\u00f3 per a moments inoblidables i vine amb els teus amics a passar-ho b\u00e9.","breadcrumb":{"@id":"https:\/\/retrucbcn.com\/ca\/reserves\/#breadcrumb"},"inLanguage":"ca","potentialAction":[{"@type":"ReadAction","target":["https:\/\/retrucbcn.com\/ca\/reserves\/"]}]},{"@type":"BreadcrumbList","@id":"https:\/\/retrucbcn.com\/ca\/reserves\/#breadcrumb","itemListElement":[{"@type":"ListItem","position":1,"name":"Portada","item":"https:\/\/retrucbcn.com\/ca\/inici\/"},{"@type":"ListItem","position":2,"name":"Reserves"}]},{"@type":"WebSite","@id":"https:\/\/retrucbcn.com\/ca\/#website","url":"https:\/\/retrucbcn.com\/ca\/","name":"Retruc","description":"","potentialAction":[{"@type":"SearchAction","target":{"@type":"EntryPoint","urlTemplate":"https:\/\/retrucbcn.com\/ca\/?s={search_term_string}"},"query-input":{"@type":"PropertyValueSpecification","valueRequired":true,"valueName":"search_term_string"}}],"inLanguage":"ca"}]}},"_links":{"self":[{"href":"https:\/\/retrucbcn.com\/ca\/wp-json\/wp\/v2\/pages\/2077","targetHints":{"allow":["GET"]}}],"collection":[{"href":"https:\/\/retrucbcn.com\/ca\/wp-json\/wp\/v2\/pages"}],"about":[{"href":"https:\/\/retrucbcn.com\/ca\/wp-json\/wp\/v2\/types\/page"}],"author":[{"embeddable":true,"href":"https:\/\/retrucbcn.com\/ca\/wp-json\/wp\/v2\/users\/1"}],"replies":[{"embeddable":true,"href":"https:\/\/retrucbcn.com\/ca\/wp-json\/wp\/v2\/comments?post=2077"}],"version-history":[{"count":2,"href":"https:\/\/retrucbcn.com\/ca\/wp-json\/wp\/v2\/pages\/2077\/revisions"}],"predecessor-version":[{"id":2111,"href":"https:\/\/retrucbcn.com\/ca\/wp-json\/wp\/v2\/pages\/2077\/revisions\/2111"}],"wp:attachment":[{"href":"https:\/\/retrucbcn.com\/ca\/wp-json\/wp\/v2\/media?parent=2077"}],"curies":[{"name":"wp","href":"https:\/\/api.w.org\/{rel}","templated":true}]}}