{"id":2080,"date":"2024-01-18T13:53:33","date_gmt":"2024-01-18T12:53:33","guid":{"rendered":"https:\/\/retrucbcn.com\/trabaja-con-nosotros\/"},"modified":"2024-07-19T14:29:25","modified_gmt":"2024-07-19T13:29:25","slug":"treballa-amb-nosaltres","status":"publish","type":"page","link":"https:\/\/retrucbcn.com\/ca\/treballa-amb-nosaltres\/","title":{"rendered":"Treballa amb nosaltres"},"content":{"rendered":"\n<style type=\"text\/css\" data-created_by=\"avia_inline_auto\" id=\"style-css-av-sooll-afdcd2831dd27a80e0d7dd0dfeddb0d8\">\n.avia-section.av-sooll-afdcd2831dd27a80e0d7dd0dfeddb0d8{\nbackground-repeat:no-repeat;\nbackground-image:url(https:\/\/retrucbcn.com\/wp-content\/uploads\/2024\/07\/trabaj-rambla.jpg);\nbackground-position:50% 50%;\nbackground-attachment:scroll;\n}\n.avia-section.av-sooll-afdcd2831dd27a80e0d7dd0dfeddb0d8 .av-section-color-overlay{\nopacity:0.4;\nbackground-color:#000000;\n}\n<\/style>\n<div id='av_section_1'  class='avia-section av-sooll-afdcd2831dd27a80e0d7dd0dfeddb0d8 main_color avia-section-huge avia-no-border-styling  avia-builder-el-0  el_before_av_section  avia-builder-el-first  avia-full-stretch avia-bg-style-scroll av-section-color-overlay-active container_wrap fullsize'  data-section-bg-repeat='stretch'><div class=\"av-section-color-overlay-wrap\"><div class=\"av-section-color-overlay\"><\/div><div class='container av-section-cont-open' ><main  role=\"main\" itemprop=\"mainContentOfPage\"  class='template-page content  av-content-full alpha units'><div class='post-entry post-entry-type-page post-entry-2080'><div class='entry-content-wrapper clearfix'>\n\n<style type=\"text\/css\" data-created_by=\"avia_inline_auto\" id=\"style-css-av-lrj9rtox-a3500fc984f57fe91e83e63ed9d02859\">\n#top .av-special-heading.av-lrj9rtox-a3500fc984f57fe91e83e63ed9d02859{\npadding-bottom:0;\nfont-size:90px;\n}\nbody .av-special-heading.av-lrj9rtox-a3500fc984f57fe91e83e63ed9d02859 .av-special-heading-tag .heading-char{\nfont-size:25px;\n}\n#top #wrap_all .av-special-heading.av-lrj9rtox-a3500fc984f57fe91e83e63ed9d02859 .av-special-heading-tag{\nfont-size:90px;\n}\n.av-special-heading.av-lrj9rtox-a3500fc984f57fe91e83e63ed9d02859 .av-subheading{\nfont-size:15px;\n}\n\n@media only screen and (min-width: 480px) and (max-width: 767px){ \n#top #wrap_all .av-special-heading.av-lrj9rtox-a3500fc984f57fe91e83e63ed9d02859 .av-special-heading-tag{\nfont-size:0.8em;\n}\n}\n\n@media only screen and (max-width: 479px){ \n#top #wrap_all .av-special-heading.av-lrj9rtox-a3500fc984f57fe91e83e63ed9d02859 .av-special-heading-tag{\nfont-size:0.8em;\n}\n}\n<\/style>\n<div  class='av-special-heading av-lrj9rtox-a3500fc984f57fe91e83e63ed9d02859 av-special-heading-h3 blockquote modern-quote modern-centered  avia-builder-el-1  avia-builder-el-no-sibling  av-inherit-size'><h3 class='av-special-heading-tag '  itemprop=\"headline\"  >Treballa amb nosaltres<\/h3><div class=\"special-heading-border\"><div class=\"special-heading-inner-border\"><\/div><\/div><\/div>\n<\/div><\/div><\/main><!-- close content main element --><\/div><\/div><\/div>\n<style type=\"text\/css\" data-created_by=\"avia_inline_auto\" id=\"style-css-av-m1p7d-d6bc1ffb16d5ed46a89c847471ab0001\">\n.avia-section.av-m1p7d-d6bc1ffb16d5ed46a89c847471ab0001{\nbackground-color:#ffffff;\nbackground-image:unset;\n}\n<\/style>\n<div id='av_section_2'  class='avia-section av-m1p7d-d6bc1ffb16d5ed46a89c847471ab0001 main_color avia-section-default avia-no-border-styling  avia-builder-el-2  el_after_av_section  avia-builder-el-last  avia-bg-style-scroll container_wrap fullsize'  ><div class='container av-section-cont-open' ><div class='template-page content  av-content-full alpha units'><div class='post-entry post-entry-type-page post-entry-2080'><div class='entry-content-wrapper clearfix'>\n<div  class='flex_column av-eqcht-8f8720e01dde7a9172b8894f51fd78ca av_one_half  avia-builder-el-3  el_before_av_one_half  avia-builder-el-first  first flex_column_div  '     ><p>\n<style type=\"text\/css\" data-created_by=\"avia_inline_auto\" id=\"style-css-av-lrj9tine-5264cb4ff75173a898890df2339c8eae\">\n#top .av-special-heading.av-lrj9tine-5264cb4ff75173a898890df2339c8eae{\npadding-bottom:10px;\ncolor:#000000;\nfont-size:50px;\n}\nbody .av-special-heading.av-lrj9tine-5264cb4ff75173a898890df2339c8eae .av-special-heading-tag .heading-char{\nfont-size:25px;\n}\n#top #wrap_all .av-special-heading.av-lrj9tine-5264cb4ff75173a898890df2339c8eae .av-special-heading-tag{\nfont-size:50px;\n}\n.av-special-heading.av-lrj9tine-5264cb4ff75173a898890df2339c8eae .special-heading-inner-border{\nborder-color:#000000;\n}\n.av-special-heading.av-lrj9tine-5264cb4ff75173a898890df2339c8eae .av-subheading{\nfont-size:15px;\n}\n\n@media only screen and (min-width: 480px) and (max-width: 767px){ \n#top #wrap_all .av-special-heading.av-lrj9tine-5264cb4ff75173a898890df2339c8eae .av-special-heading-tag{\nfont-size:0.8em;\n}\n}\n\n@media only screen and (max-width: 479px){ \n#top #wrap_all .av-special-heading.av-lrj9tine-5264cb4ff75173a898890df2339c8eae .av-special-heading-tag{\nfont-size:0.8em;\n}\n}\n<\/style>\n<div  class='av-special-heading av-lrj9tine-5264cb4ff75173a898890df2339c8eae av-special-heading-h2 custom-color-heading blockquote modern-quote  avia-builder-el-4  el_before_av_textblock  avia-builder-el-first  av-inherit-size'><h2 class='av-special-heading-tag '  itemprop=\"headline\"  >Vols treballar amb nosaltres?<\/h2><div class=\"special-heading-border\"><div class=\"special-heading-inner-border\"><\/div><\/div><\/div><br \/>\n\n<style type=\"text\/css\" data-created_by=\"avia_inline_auto\" id=\"style-css-av-lrj9ts1l-eff6e10d78eb7ace54c907dd8ecdc3b4\">\n#top .av_textblock_section.av-lrj9ts1l-eff6e10d78eb7ace54c907dd8ecdc3b4 .avia_textblock{\ncolor:#000000;\n}\n<\/style>\n<section  class='av_textblock_section av-lrj9ts1l-eff6e10d78eb7ace54c907dd8ecdc3b4 '   itemscope=\"itemscope\" itemtype=\"https:\/\/schema.org\/CreativeWork\" ><div class='avia_textblock av_inherit_color'  itemprop=\"text\" ><p>Peri\u00f2dicament el Grup Ovella Negra necessita o coneix empreses que necessiten professionals per als seus locals.<\/p>\n<p>\u00c9s per aquesta ra\u00f3, si t&#8217;agrada la idea de treballar en un dels nostres locals, fes-nos arribar el teu curr\u00edculum a l&#8217;email <strong>retruc_retruc@hotmail.es<\/strong><\/p>\n<p>Nom\u00e9s es consideren els candidats que tinguin perm\u00eds de resid\u00e8ncia i treball a Espanya.<\/p>\n<p>Nom\u00e9s es contactar\u00e0 amb els candidats preseleccionats.<\/p>\n<\/div><\/section><\/p><\/div><div  class='flex_column av-btslt-d5a7d43dc7789b416f83e47f4c62116f av_one_half  avia-builder-el-6  el_after_av_one_half  avia-builder-el-last  flex_column_div  '     ><style type=\"text\/css\" data-created_by=\"avia_inline_auto\" id=\"style-css-av-lrj9vbkc-e7c67fe2d6c4e367a33434e3a3fca4fc\">\n.avia-image-container.av-lrj9vbkc-e7c67fe2d6c4e367a33434e3a3fca4fc img.avia_image{\nbox-shadow:none;\n}\n.avia-image-container.av-lrj9vbkc-e7c67fe2d6c4e367a33434e3a3fca4fc .av-image-caption-overlay-center{\ncolor:#ffffff;\n}\n<\/style>\n<div  class='avia-image-container av-lrj9vbkc-e7c67fe2d6c4e367a33434e3a3fca4fc av-styling- avia-align-center  avia-builder-el-7  avia-builder-el-no-sibling '   itemprop=\"image\" itemscope=\"itemscope\" itemtype=\"https:\/\/schema.org\/ImageObject\" ><div class=\"avia-image-container-inner\"><div class=\"avia-image-overlay-wrap\"><img decoding=\"async\" fetchpriority=\"high\" class='wp-image-2050 avia-img-lazy-loading-not-2050 avia_image ' src=\"https:\/\/retrucbcn.com\/wp-content\/uploads\/2024\/07\/trabaja-con-nosotros-300x225.png\" alt='' title='trabaja con nosotros'  height=\"225\" width=\"300\"  itemprop=\"thumbnailUrl\" srcset=\"https:\/\/retrucbcn.com\/wp-content\/uploads\/2024\/07\/trabaja-con-nosotros-300x225.png 300w, https:\/\/retrucbcn.com\/wp-content\/uploads\/2024\/07\/trabaja-con-nosotros-768x576.png 768w, https:\/\/retrucbcn.com\/wp-content\/uploads\/2024\/07\/trabaja-con-nosotros-705x528.png 705w, https:\/\/retrucbcn.com\/wp-content\/uploads\/2024\/07\/trabaja-con-nosotros-450x337.png 450w, https:\/\/retrucbcn.com\/wp-content\/uploads\/2024\/07\/trabaja-con-nosotros-600x450.png 600w, https:\/\/retrucbcn.com\/wp-content\/uploads\/2024\/07\/trabaja-con-nosotros.png 938w\" sizes=\"(max-width: 300px) 100vw, 300px\" \/><\/div><\/div><\/div><\/div><\/p>\n","protected":false},"excerpt":{"rendered":"","protected":false},"author":1,"featured_media":0,"parent":0,"menu_order":0,"comment_status":"closed","ping_status":"closed","template":"","meta":{"footnotes":""},"class_list":["post-2080","page","type-page","status-publish","hentry"],"yoast_head":"<!-- This site is optimized with the Yoast SEO plugin v27.4 - https:\/\/yoast.com\/product\/yoast-seo-wordpress\/ -->\n<title>Treballa amb nosaltres - Retruc<\/title>\n<meta name=\"robots\" content=\"index, follow, max-snippet:-1, max-image-preview:large, max-video-preview:-1\" \/>\n<link rel=\"canonical\" href=\"https:\/\/retrucbcn.com\/ca\/treballa-amb-nosaltres\/\" \/>\n<meta property=\"og:locale\" content=\"ca_ES\" \/>\n<meta property=\"og:type\" content=\"article\" \/>\n<meta property=\"og:title\" content=\"Treballa amb nosaltres - Retruc\" \/>\n<meta property=\"og:url\" content=\"https:\/\/retrucbcn.com\/ca\/treballa-amb-nosaltres\/\" \/>\n<meta property=\"og:site_name\" content=\"Retruc\" \/>\n<meta property=\"article:modified_time\" content=\"2024-07-19T13:29:25+00:00\" \/>\n<meta name=\"twitter:card\" content=\"summary_large_image\" \/>\n<meta name=\"twitter:label1\" content=\"Temps estimat de lectura\" \/>\n\t<meta name=\"twitter:data1\" content=\"1 minut\" \/>\n<script type=\"application\/ld+json\" class=\"yoast-schema-graph\">{\"@context\":\"https:\\\/\\\/schema.org\",\"@graph\":[{\"@type\":\"WebPage\",\"@id\":\"https:\\\/\\\/retrucbcn.com\\\/ca\\\/treballa-amb-nosaltres\\\/\",\"url\":\"https:\\\/\\\/retrucbcn.com\\\/ca\\\/treballa-amb-nosaltres\\\/\",\"name\":\"Treballa amb nosaltres - Retruc\",\"isPartOf\":{\"@id\":\"https:\\\/\\\/retrucbcn.com\\\/ca\\\/#website\"},\"datePublished\":\"2024-01-18T12:53:33+00:00\",\"dateModified\":\"2024-07-19T13:29:25+00:00\",\"breadcrumb\":{\"@id\":\"https:\\\/\\\/retrucbcn.com\\\/ca\\\/treballa-amb-nosaltres\\\/#breadcrumb\"},\"inLanguage\":\"ca\",\"potentialAction\":[{\"@type\":\"ReadAction\",\"target\":[\"https:\\\/\\\/retrucbcn.com\\\/ca\\\/treballa-amb-nosaltres\\\/\"]}]},{\"@type\":\"BreadcrumbList\",\"@id\":\"https:\\\/\\\/retrucbcn.com\\\/ca\\\/treballa-amb-nosaltres\\\/#breadcrumb\",\"itemListElement\":[{\"@type\":\"ListItem\",\"position\":1,\"name\":\"Portada\",\"item\":\"https:\\\/\\\/retrucbcn.com\\\/ca\\\/inici\\\/\"},{\"@type\":\"ListItem\",\"position\":2,\"name\":\"Treballa amb nosaltres\"}]},{\"@type\":\"WebSite\",\"@id\":\"https:\\\/\\\/retrucbcn.com\\\/ca\\\/#website\",\"url\":\"https:\\\/\\\/retrucbcn.com\\\/ca\\\/\",\"name\":\"Retruc\",\"description\":\"\",\"potentialAction\":[{\"@type\":\"SearchAction\",\"target\":{\"@type\":\"EntryPoint\",\"urlTemplate\":\"https:\\\/\\\/retrucbcn.com\\\/ca\\\/?s={search_term_string}\"},\"query-input\":{\"@type\":\"PropertyValueSpecification\",\"valueRequired\":true,\"valueName\":\"search_term_string\"}}],\"inLanguage\":\"ca\"}]}<\/script>\n<!-- \/ Yoast SEO plugin. -->","yoast_head_json":{"title":"Treballa amb nosaltres - Retruc","robots":{"index":"index","follow":"follow","max-snippet":"max-snippet:-1","max-image-preview":"max-image-preview:large","max-video-preview":"max-video-preview:-1"},"canonical":"https:\/\/retrucbcn.com\/ca\/treballa-amb-nosaltres\/","og_locale":"ca_ES","og_type":"article","og_title":"Treballa amb nosaltres - Retruc","og_url":"https:\/\/retrucbcn.com\/ca\/treballa-amb-nosaltres\/","og_site_name":"Retruc","article_modified_time":"2024-07-19T13:29:25+00:00","twitter_card":"summary_large_image","twitter_misc":{"Temps estimat de lectura":"1 minut"},"schema":{"@context":"https:\/\/schema.org","@graph":[{"@type":"WebPage","@id":"https:\/\/retrucbcn.com\/ca\/treballa-amb-nosaltres\/","url":"https:\/\/retrucbcn.com\/ca\/treballa-amb-nosaltres\/","name":"Treballa amb nosaltres - Retruc","isPartOf":{"@id":"https:\/\/retrucbcn.com\/ca\/#website"},"datePublished":"2024-01-18T12:53:33+00:00","dateModified":"2024-07-19T13:29:25+00:00","breadcrumb":{"@id":"https:\/\/retrucbcn.com\/ca\/treballa-amb-nosaltres\/#breadcrumb"},"inLanguage":"ca","potentialAction":[{"@type":"ReadAction","target":["https:\/\/retrucbcn.com\/ca\/treballa-amb-nosaltres\/"]}]},{"@type":"BreadcrumbList","@id":"https:\/\/retrucbcn.com\/ca\/treballa-amb-nosaltres\/#breadcrumb","itemListElement":[{"@type":"ListItem","position":1,"name":"Portada","item":"https:\/\/retrucbcn.com\/ca\/inici\/"},{"@type":"ListItem","position":2,"name":"Treballa amb nosaltres"}]},{"@type":"WebSite","@id":"https:\/\/retrucbcn.com\/ca\/#website","url":"https:\/\/retrucbcn.com\/ca\/","name":"Retruc","description":"","potentialAction":[{"@type":"SearchAction","target":{"@type":"EntryPoint","urlTemplate":"https:\/\/retrucbcn.com\/ca\/?s={search_term_string}"},"query-input":{"@type":"PropertyValueSpecification","valueRequired":true,"valueName":"search_term_string"}}],"inLanguage":"ca"}]}},"_links":{"self":[{"href":"https:\/\/retrucbcn.com\/ca\/wp-json\/wp\/v2\/pages\/2080","targetHints":{"allow":["GET"]}}],"collection":[{"href":"https:\/\/retrucbcn.com\/ca\/wp-json\/wp\/v2\/pages"}],"about":[{"href":"https:\/\/retrucbcn.com\/ca\/wp-json\/wp\/v2\/types\/page"}],"author":[{"embeddable":true,"href":"https:\/\/retrucbcn.com\/ca\/wp-json\/wp\/v2\/users\/1"}],"replies":[{"embeddable":true,"href":"https:\/\/retrucbcn.com\/ca\/wp-json\/wp\/v2\/comments?post=2080"}],"version-history":[{"count":2,"href":"https:\/\/retrucbcn.com\/ca\/wp-json\/wp\/v2\/pages\/2080\/revisions"}],"predecessor-version":[{"id":2139,"href":"https:\/\/retrucbcn.com\/ca\/wp-json\/wp\/v2\/pages\/2080\/revisions\/2139"}],"wp:attachment":[{"href":"https:\/\/retrucbcn.com\/ca\/wp-json\/wp\/v2\/media?parent=2080"}],"curies":[{"name":"wp","href":"https:\/\/api.w.org\/{rel}","templated":true}]}}